{"id":571,"date":"2014-01-27T18:29:18","date_gmt":"2014-01-27T18:29:18","guid":{"rendered":"http:\/\/biomag.com.br\/loja\/?post_type=product&#038;p=571"},"modified":"2015-07-27T11:19:25","modified_gmt":"2015-07-27T14:19:25","slug":"leitor-biometrico-ac-6000","status":"publish","type":"product","link":"https:\/\/biomag.com.br\/loja\/produto\/leitor-biometrico-ac-6000\/","title":{"rendered":"Terminal AC-6000"},"content":{"rendered":"<p><span style=\"text-decoration: underline; color: #000d48;\"><strong>CPU:<\/strong><\/span><br \/>\n32 bit RISC 806 MHz<\/p>\n<p><span style=\"text-decoration: underline; color: #000d48;\"><strong>Capacidade de templates:<\/strong><\/span><br \/>\nAt\u00e9 100.000 usu\u00e1rios com 1 digital<\/p>\n<p><span style=\"text-decoration: underline; color: #000d48;\"><strong>Hist\u00f3rico de eventos:<\/strong><\/span><br \/>\n500.000 registros<\/p>\n<p><span style=\"text-decoration: underline; color: #000d48;\"><strong>Comunica\u00e7\u00f5es:<\/strong><\/span><br \/>\nTCP\/IP<br \/>\nRS-232<br \/>\nRS-485<br \/>\nWiegand In &amp; Out<\/p>\n<p><span style=\"text-decoration: underline; color: #000d48;\"><strong>Controle de fechadura:<\/strong><\/span><br \/>\n2 saidas para controlar fechaduras EM \/ Strike \/ Deadbolt Lock<\/p>\n<p><span style=\"text-decoration: underline; color: #000d48;\"><strong>Tipo de sensor:<\/strong><\/span><br \/>\nSensor \u00f3ptico de 500 dpi<\/p>\n<p><span style=\"text-decoration: underline; color: #000d48;\"><strong>FRR \/ FAR:<\/strong><\/span><br \/>\n0,1% \/ 0,0001%<\/p>\n<p><span style=\"text-decoration: underline; color: #000d48;\"><strong>Alimenta\u00e7\u00e3o:<\/strong><\/span><br \/>\n12 a 24 VDC<\/p>\n<p><span style=\"text-decoration: underline; color: #000d48;\"><strong>Temperatura ambiente:<\/strong><\/span><br \/>\n-20\u00b0C a +50\u00b0C<\/p>\n<p><span style=\"text-decoration: underline; color: #000d48;\"><strong>Umidade relativa:<\/strong><\/span><br \/>\n&lt; 90% (n\u00e3o condensado)<\/p>\n<p><span style=\"text-decoration: underline; color: #000d48;\"><strong>Dimens\u00f5es:<\/strong><\/span><br \/>\n197,5 x 119,3 x 46,8 mm<\/p>\n<p><span style=\"text-decoration: underline; color: #000d48;\"><strong>Tempo verifica\u00e7\u00e3o (1:1):<\/strong><\/span><br \/>\n&lt;0,5 seg<\/p>\n<p><span style=\"text-decoration: underline; color: #000d48;\"><strong>Tempo identifica\u00e7\u00e3o (1:N):<\/strong><\/span><br \/>\n&lt;1 seg<\/p>\n<p><span style=\"text-decoration: underline; color: #000d48;\"><strong>Detec\u00e7\u00e3o de dedo falso:<\/strong><\/span><br \/>\nPapel, Filme, Borracha, Silicone, Etc<\/p>\n<p><span style=\"text-decoration: underline; color: #000d48;\"><strong>Modos de opera\u00e7\u00e3o:<\/strong><\/span><br \/>\nBiometria, cart\u00e3o, PIN<\/p>\n<p><span style=\"text-decoration: underline; color: #000d48;\"><strong>Tela LCD:<\/strong><\/span><br \/>\nLCD colorido de 4,8 polegadas sens\u00edvel ao toque<\/p>\n<p><span style=\"text-decoration: underline; color: #000d48;\"><strong>Interface com PC:<\/strong><\/span><br \/>\nTCP\/IP<br \/>\nUSB<br \/>\nLAN Wireless (opcional)<\/p>\n<p><span style=\"text-decoration: underline; color: #000d48;\"><strong>Mem\u00f3ria USB:<\/strong><\/span><br \/>\nSlot USB Host &amp; Dispositivo USB<\/p>\n<p><span style=\"text-decoration: underline; color: #000d48;\"><strong>C\u00e2mera digital:<\/strong><\/span><br \/>\n1,3 MPixel<\/p>\n<p><span style=\"text-decoration: underline; color: #000d48;\"><strong>Frequ\u00eancia de opera\u00e7\u00e3o:<\/strong><\/span><br \/>\nVIRDI AC-6000RF: 125 kHz<br \/>\nVIRDI AC-6000SC: 13,56 MHz<\/p>\n<p><span style=\"text-decoration: underline; color: #000d48;\"><strong>Padr\u00e3o:<\/strong><\/span><br \/>\nVIRDI AC-6000RF: EM4100<br \/>\nVIRDI AC-6000SC: ISO14443A Mifare<\/p>\n<p><span style=\"color: #000d48;\"><strong>Dist\u00e2ncia de leitura:<\/strong><\/span><br \/>\nAt\u00e9 50 mm<\/p>\n","protected":false},"excerpt":{"rendered":"<p>Possui leitor de cart\u00e3o integrado (AC-6000RF &#8211; 125 kHz ou AC-6000SC &#8211; 13,56 MHz) e el\u00e9trica ou alertas luminosos \/ auditivos de 12 Volts.<br \/>\nPossui duas portas USB sendo uma interna e outra externa (Interna: Possibilita a adapta\u00e7\u00e3o de um USB Wireless opcional &#8211; Externa: Capta\u00e7\u00e3o de dados, envio de backgrounds para a tela principal do leitor e outras fun\u00e7\u00f5es).<br \/>\nTerminal robusto que vem equipado com a tecnologia de detec\u00e7\u00e3o de digital falsa e tamb\u00e9m captura uma imagem pela c\u00e2mera integrada na hora do acesso, possibilitando a visualiza\u00e7\u00e3o dos log\u2019s com as fotos pelo software Unis.<\/p>\n","protected":false},"featured_media":1820,"comment_status":"closed","ping_status":"closed","template":"","meta":{"_exactmetrics_skip_tracking":false,"_exactmetrics_sitenote_active":false,"_exactmetrics_sitenote_note":"","_exactmetrics_sitenote_category":0,"_joinchat":[]},"product_brand":[],"product_cat":[23,18],"product_tag":[252,210,38,251],"class_list":{"0":"post-571","1":"product","2":"type-product","3":"status-publish","4":"has-post-thumbnail","6":"product_cat-leitores-de-cartoes-de-proximidade","7":"product_cat-terminais-e-fechaduras-biometricos","8":"product_tag-ac-6000","9":"product_tag-fechadura-biometrica","10":"product_tag-leitor-biometrico","11":"product_tag-leitor-biometrico-ac-6000","13":"first","14":"instock","15":"shipping-taxable","16":"product-type-simple"},"_links":{"self":[{"href":"https:\/\/biomag.com.br\/loja\/wp-json\/wp\/v2\/product\/571","targetHints":{"allow":["GET"]}}],"collection":[{"href":"https:\/\/biomag.com.br\/loja\/wp-json\/wp\/v2\/product"}],"about":[{"href":"https:\/\/biomag.com.br\/loja\/wp-json\/wp\/v2\/types\/product"}],"replies":[{"embeddable":true,"href":"https:\/\/biomag.com.br\/loja\/wp-json\/wp\/v2\/comments?post=571"}],"wp:featuredmedia":[{"embeddable":true,"href":"https:\/\/biomag.com.br\/loja\/wp-json\/wp\/v2\/media\/1820"}],"wp:attachment":[{"href":"https:\/\/biomag.com.br\/loja\/wp-json\/wp\/v2\/media?parent=571"}],"wp:term":[{"taxonomy":"product_brand","embeddable":true,"href":"https:\/\/biomag.com.br\/loja\/wp-json\/wp\/v2\/product_brand?post=571"},{"taxonomy":"product_cat","embeddable":true,"href":"https:\/\/biomag.com.br\/loja\/wp-json\/wp\/v2\/product_cat?post=571"},{"taxonomy":"product_tag","embeddable":true,"href":"https:\/\/biomag.com.br\/loja\/wp-json\/wp\/v2\/product_tag?post=571"}],"curies":[{"name":"wp","href":"https:\/\/api.w.org\/{rel}","templated":true}]}}