{"id":442,"date":"2014-01-13T11:34:52","date_gmt":"2014-01-13T11:34:52","guid":{"rendered":"http:\/\/biomag.com.br\/loja\/?post_type=product&#038;p=442"},"modified":"2014-01-30T18:28:10","modified_gmt":"2014-01-30T18:28:10","slug":"acumifare-label-ul","status":"publish","type":"product","link":"https:\/\/biomag.com.br\/loja\/produto\/acumifare-label-ul\/","title":{"rendered":"AcuMifare Label UL"},"content":{"rendered":"<p>&nbsp;<\/p>\n<p><strong><span style=\"text-decoration: underline;\"><span style=\"color: #000d48; text-decoration: underline;\">Aplica\u00e7\u00e3o:<\/span><\/span><\/strong><br \/>\nTickets<br \/>\nControle de Acesso<br \/>\nIdentifica\u00e7\u00e3o<\/p>\n<p><strong><span style=\"text-decoration: underline;\"><span style=\"color: #000d48; text-decoration: underline;\">Tecnologia:<\/span><\/span><\/strong><br \/>\nHF &#8211; (Alta Frequencia, Passivo)<\/p>\n<p><strong><span style=\"text-decoration: underline;\"><span style=\"color: #000d48; text-decoration: underline;\">Tipo:<\/span><\/span><\/strong><br \/>\nEtiqueta<\/p>\n<p><strong><span style=\"text-decoration: underline;\"><span style=\"color: #000d48; text-decoration: underline;\">Protocolo:<\/span><\/span><\/strong><br \/>\nISO\/IEC 14443-A<\/p>\n<p><strong><span style=\"text-decoration: underline;\"><span style=\"color: #000d48; text-decoration: underline;\">Frequ\u00eancia de Opera\u00e7\u00e3o:<\/span><\/span><\/strong><br \/>\n13,56 MHz<\/p>\n<p><strong><span style=\"text-decoration: underline;\"><span style=\"color: #000d48; text-decoration: underline;\">Chip RFID:<\/span><\/span><\/strong><br \/>\nNXP-MF1ICS50 ou compat\u00edvel<\/p>\n<p><strong><span style=\"text-decoration: underline;\"><span style=\"color: #000d48; text-decoration: underline;\">Configura\u00e7\u00e3o de Mem\u00f3ria:<\/span><\/span><\/strong><br \/>\n512 bits<\/p>\n<p><strong><span style=\"text-decoration: underline;\"><span style=\"color: #000d48; text-decoration: underline;\">Dist\u00e2ncia de Leitura*:<\/span><\/span><\/strong><br \/>\nAt\u00e9 3 cm com Leitor AM-08<br \/>\nAt\u00e9 4 cm com Leitor AM-11<\/p>\n<p><strong><span style=\"text-decoration: underline;\"><span style=\"color: #000d48; text-decoration: underline;\">Tempo de Vida**:<\/span><\/span><\/strong><br \/>\n10 anos de reten\u00e7\u00e3o de dados<br \/>\n100.000 ciclos de grava\u00e7\u00e3o<\/p>\n<p><strong><span style=\"text-decoration: underline;\"><span style=\"color: #000d48; text-decoration: underline;\">Encapsulamento:<\/span><\/span><\/strong><br \/>\nPapel branco brilhante<\/p>\n<p><strong><span style=\"text-decoration: underline;\"><span style=\"color: #000d48; text-decoration: underline;\">Dimens\u00f5es:<\/span><\/span><\/strong><br \/>\n44 x 20 mm<\/p>\n<p><strong><span style=\"text-decoration: underline;\"><span style=\"color: #000d48; text-decoration: underline;\">Temperatura de Opera\u00e7\u00e3o:<\/span><\/span><\/strong><br \/>\n-25\u00b0C a +65\u00b0C<\/p>\n<p><strong><span style=\"text-decoration: underline;\"><span style=\"color: #000d48; text-decoration: underline;\">Temperatura Armazenamento:<\/span><\/span><\/strong><br \/>\n-25\u00b0C a +65\u00b0C<\/p>\n<p><strong><span style=\"text-decoration: underline;\"><span style=\"color: #000d48; text-decoration: underline;\">Grau de Prote\u00e7\u00e3o:<\/span><\/span><\/strong><br \/>\nN\u00e3o se aplica (etiqueta)<\/p>\n<p><strong><span style=\"text-decoration: underline;\"><span style=\"color: #000d48; text-decoration: underline;\">Fixa\u00e7\u00e3o:<\/span><\/span><\/strong><br \/>\nAuto-Adesivo<\/p>\n<p><em><strong><span style=\"color: #000d48;\">*<\/span><\/strong> Considerando alimenta\u00e7\u00e3o do Leitor por fonte regulada e estabilizada de 12V DC, instala\u00e7\u00e3o em ambiente sem ru\u00eddo eletromagn\u00e9tico e sem a presen\u00e7a de superf\u00edcies met\u00e1licas pr\u00f3ximas ao leitor.<\/em><br \/>\n<em><strong><span style=\"color: #000d48;\">**<\/span><\/strong> Respeitando as especifica\u00e7\u00f5es.<\/em><\/p>\n","protected":false},"excerpt":{"rendered":"<p>A etiqueta de proximidade AcuMifare Label UL \u00e9 um tag RFID passivo da linha AcuMifare que permite leitura e grava\u00e7\u00e3o e j\u00e1 possui cola adesiva para ser aplicado no local.<br \/>\nSegue a norma padr\u00e3o ISO \/ IEC 14443 tipo A.<br \/>\nPossui 512 bits de mem\u00f3ria e opera na freq\u00fc\u00eancia de 13,56 MHz, compat\u00edvel com todos os leitores da linha AcuMifare.<br \/>\nO AcuMifare Label UL \u00e9 discreto e apresenta \u00f3tima performance de leitura. Permite impress\u00e3o na l\u00e2mina.<\/p>\n","protected":false},"featured_media":453,"comment_status":"closed","ping_status":"closed","template":"","meta":{"_exactmetrics_skip_tracking":false,"_exactmetrics_sitenote_active":false,"_exactmetrics_sitenote_note":"","_exactmetrics_sitenote_category":0,"_joinchat":[]},"product_brand":[],"product_cat":[14],"product_tag":[203,205,197,204],"class_list":{"0":"post-442","1":"product","2":"type-product","3":"status-publish","4":"has-post-thumbnail","6":"product_cat-cartoes-e-tags","7":"product_tag-acumifare-label-ul","8":"product_tag-tag-etiqueta","9":"product_tag-tag-para-identificacao","10":"product_tag-tag-para-tick","12":"first","13":"instock","14":"shipping-taxable","15":"product-type-simple"},"_links":{"self":[{"href":"https:\/\/biomag.com.br\/loja\/wp-json\/wp\/v2\/product\/442","targetHints":{"allow":["GET"]}}],"collection":[{"href":"https:\/\/biomag.com.br\/loja\/wp-json\/wp\/v2\/product"}],"about":[{"href":"https:\/\/biomag.com.br\/loja\/wp-json\/wp\/v2\/types\/product"}],"replies":[{"embeddable":true,"href":"https:\/\/biomag.com.br\/loja\/wp-json\/wp\/v2\/comments?post=442"}],"wp:featuredmedia":[{"embeddable":true,"href":"https:\/\/biomag.com.br\/loja\/wp-json\/wp\/v2\/media\/453"}],"wp:attachment":[{"href":"https:\/\/biomag.com.br\/loja\/wp-json\/wp\/v2\/media?parent=442"}],"wp:term":[{"taxonomy":"product_brand","embeddable":true,"href":"https:\/\/biomag.com.br\/loja\/wp-json\/wp\/v2\/product_brand?post=442"},{"taxonomy":"product_cat","embeddable":true,"href":"https:\/\/biomag.com.br\/loja\/wp-json\/wp\/v2\/product_cat?post=442"},{"taxonomy":"product_tag","embeddable":true,"href":"https:\/\/biomag.com.br\/loja\/wp-json\/wp\/v2\/product_tag?post=442"}],"curies":[{"name":"wp","href":"https:\/\/api.w.org\/{rel}","templated":true}]}}