{"id":407,"date":"2014-01-08T08:27:51","date_gmt":"2014-01-08T11:27:51","guid":{"rendered":"http:\/\/biomag.com.br\/loja\/?post_type=product&#038;p=407"},"modified":"2017-06-06T14:55:01","modified_gmt":"2017-06-06T17:55:01","slug":"acuprox-keyfob","status":"publish","type":"product","link":"https:\/\/biomag.com.br\/loja\/produto\/acuprox-keyfob\/","title":{"rendered":"AcuProx Keyfob Black, Red &#038; Yellow"},"content":{"rendered":"<p>&nbsp;<\/p>\n<p><strong><span style=\"text-decoration: underline;\"><span style=\"color: #000d48; text-decoration: underline;\">Aplica\u00e7\u00e3o:<\/span> <\/span><\/strong><br \/>\nIdentifica\u00e7\u00e3o de pessoas<\/p>\n<p><strong><span style=\"text-decoration: underline;\"><span style=\"color: #000d48; text-decoration: underline;\">Tecnologia:<\/span> <\/span><\/strong><br \/>\nLF &#8211; (Baixa Frequencia, Passivo)<\/p>\n<p><strong><span style=\"text-decoration: underline;\"><span style=\"color: #000d48; text-decoration: underline;\">Tipo:<\/span><\/span><\/strong><br \/>\nChaveiro<\/p>\n<p><strong><span style=\"text-decoration: underline;\"><span style=\"color: #000d48; text-decoration: underline;\">Modula\u00e7\u00e3o:<\/span> <\/span><\/strong><br \/>\nASK<\/p>\n<p><strong><span style=\"text-decoration: underline;\"><span style=\"color: #000d48; text-decoration: underline;\">Frequ\u00eancia de Opera\u00e7\u00e3o:<\/span> <\/span><\/strong><br \/>\n125 kHz<\/p>\n<p><strong><span style=\"text-decoration: underline;\"><span style=\"color: #000d48; text-decoration: underline;\">Chip RFID:<\/span> <\/span><\/strong><br \/>\nUnique EM4002 ou compat\u00edvel &#8211; RO<\/p>\n<p><strong><span style=\"text-decoration: underline;\"><span style=\"color: #000d48; text-decoration: underline;\">Configura\u00e7\u00e3o de Mem\u00f3ria:<\/span> <\/span><\/strong><br \/>\n64 bits, sendo 40 bits o ID<\/p>\n<p><strong><span style=\"text-decoration: underline;\"><span style=\"color: #000d48; text-decoration: underline;\">Dist\u00e2ncia de Leitura*:<\/span> <\/span><\/strong><br \/>\nAt\u00e9 6 cm com leitor AP-15<br \/>\nAt\u00e9 22 cm com leitor AP-30<br \/>\nAt\u00e9 48 cm com leitor AP-60<\/p>\n<p><strong><span style=\"text-decoration: underline;\"><span style=\"color: #000d48; text-decoration: underline;\">Tempo de Vida**:<\/span> <\/span><\/strong><br \/>\nIlimitado<\/p>\n<p><strong><span style=\"text-decoration: underline;\"><span style=\"color: #000d48; text-decoration: underline;\">Encapsulamento:<\/span> <\/span><\/strong><br \/>\nABS<\/p>\n<p><strong><span style=\"text-decoration: underline;\"><span style=\"color: #000d48; text-decoration: underline;\">Dimens\u00f5es:<\/span> <\/span><\/strong><br \/>\n36,7 x 30 x 6,5 mm<\/p>\n<p><strong><span style=\"text-decoration: underline;\"><span style=\"color: #000d48; text-decoration: underline;\">Temperatura de Opera\u00e7\u00e3o:<\/span> <\/span><\/strong><br \/>\n-25\u00b0C a +75\u00b0C<\/p>\n<p><strong><span style=\"text-decoration: underline;\"><span style=\"color: #000d48; text-decoration: underline;\">Temperatura Armazenamento:<\/span> <\/span><\/strong><br \/>\n-25\u00b0C a +75\u00b0C<\/p>\n<p><strong><span style=\"text-decoration: underline;\"><span style=\"color: #000d48; text-decoration: underline;\">Grau de Prote\u00e7\u00e3o:<\/span> <\/span><\/strong><br \/>\nIP67<\/p>\n<p><strong><span style=\"text-decoration: underline;\"><span style=\"color: #000d48; text-decoration: underline;\">Furo:<\/span> <\/span><\/strong><br \/>\nSim<\/p>\n<p><em><span style=\"color: #000d48;\">*<\/span> Considerando alimenta\u00e7\u00e3o do Leitor por fonte regulada e estabilizada de 12V DC, instala\u00e7\u00e3o em ambiente sem ru\u00eddo eletromagn\u00e9tico e sem a presen\u00e7a de superf\u00edcies met\u00e1licas pr\u00f3ximas ao leitor.<\/em><br \/>\n<em> <strong><span style=\"color: #000d48;\">**<\/span><\/strong> Respeitando as especifica\u00e7\u00f5es.<\/em><\/p>\n","protected":false},"excerpt":{"rendered":"<p>O chaveiro de proximidade AcuProx Keyfob \u00e9 um tag RFID passivo somente leitura da Linha AcuProx com furo para ser usado como chaveiro, possui c\u00f3digo \u00fanico pr\u00e9-gravado de 64 bits.<br \/>\nFeito em ABS o AcuProx Keyfob \u00e9 resistente e pode ser usado em aplica\u00e7\u00f5es de controle de acesso e seguran\u00e7a, programas de fidelidade, marca\u00e7\u00e3o de ponto, etc.<\/p>\n","protected":false},"featured_media":2452,"comment_status":"open","ping_status":"closed","template":"","meta":{"_exactmetrics_skip_tracking":false,"_exactmetrics_sitenote_active":false,"_exactmetrics_sitenote_note":"","_exactmetrics_sitenote_category":0,"_joinchat":[]},"product_brand":[],"product_cat":[14],"product_tag":[186,184,177],"class_list":{"0":"post-407","1":"product","2":"type-product","3":"status-publish","4":"has-post-thumbnail","6":"product_cat-cartoes-e-tags","7":"product_tag-acuprox-keyfob","8":"product_tag-tag-identificacao-de-pessoas","9":"product_tag-tag-para-pessoas","11":"first","12":"instock","13":"shipping-taxable","14":"product-type-simple"},"_links":{"self":[{"href":"https:\/\/biomag.com.br\/loja\/wp-json\/wp\/v2\/product\/407","targetHints":{"allow":["GET"]}}],"collection":[{"href":"https:\/\/biomag.com.br\/loja\/wp-json\/wp\/v2\/product"}],"about":[{"href":"https:\/\/biomag.com.br\/loja\/wp-json\/wp\/v2\/types\/product"}],"replies":[{"embeddable":true,"href":"https:\/\/biomag.com.br\/loja\/wp-json\/wp\/v2\/comments?post=407"}],"wp:featuredmedia":[{"embeddable":true,"href":"https:\/\/biomag.com.br\/loja\/wp-json\/wp\/v2\/media\/2452"}],"wp:attachment":[{"href":"https:\/\/biomag.com.br\/loja\/wp-json\/wp\/v2\/media?parent=407"}],"wp:term":[{"taxonomy":"product_brand","embeddable":true,"href":"https:\/\/biomag.com.br\/loja\/wp-json\/wp\/v2\/product_brand?post=407"},{"taxonomy":"product_cat","embeddable":true,"href":"https:\/\/biomag.com.br\/loja\/wp-json\/wp\/v2\/product_cat?post=407"},{"taxonomy":"product_tag","embeddable":true,"href":"https:\/\/biomag.com.br\/loja\/wp-json\/wp\/v2\/product_tag?post=407"}],"curies":[{"name":"wp","href":"https:\/\/api.w.org\/{rel}","templated":true}]}}