{"id":403,"date":"2014-01-08T10:27:57","date_gmt":"2014-01-08T10:27:57","guid":{"rendered":"http:\/\/biomag.com.br\/loja\/?post_type=product&#038;p=403"},"modified":"2014-02-03T12:32:37","modified_gmt":"2014-02-03T12:32:37","slug":"tag-rfid-acuprox-iso-premium","status":"publish","type":"product","link":"https:\/\/biomag.com.br\/loja\/produto\/tag-rfid-acuprox-iso-premium\/","title":{"rendered":"Tag RFID AcuProx ISO Premium"},"content":{"rendered":"<p>&nbsp;<\/p>\n<p><strong><span style=\"text-decoration: underline;\"><span style=\"color: #000d48; text-decoration: underline;\">Aplica\u00e7\u00e3o:<\/span><\/span><\/strong><br \/>\nIdentifica\u00e7\u00e3o de pessoas<\/p>\n<p><strong><span style=\"text-decoration: underline;\"><span style=\"color: #000d48; text-decoration: underline;\">Tecnologia:<\/span><\/span><\/strong><br \/>\nLF &#8211; (Baixa Frequencia, Passivo)<\/p>\n<p><strong><span style=\"text-decoration: underline;\"><span style=\"color: #000d48; text-decoration: underline;\">Tipo:<\/span><\/span><\/strong><br \/>\nISO<\/p>\n<p><strong><span style=\"text-decoration: underline;\"><span style=\"color: #000d48; text-decoration: underline;\">Modula\u00e7\u00e3o:<\/span><\/span><\/strong><br \/>\nASK<\/p>\n<p><strong><span style=\"text-decoration: underline;\"><span style=\"color: #000d48; text-decoration: underline;\">Frequ\u00eancia de Opera\u00e7\u00e3o:<\/span><\/span><\/strong><br \/>\n125 kHz<\/p>\n<p><strong><span style=\"text-decoration: underline;\"><span style=\"color: #000d48; text-decoration: underline;\">Chip RFID:<\/span><\/span><\/strong><br \/>\nUnique EM4002 ou compat\u00edvel &#8211; RO<\/p>\n<p><strong><span style=\"text-decoration: underline;\"><span style=\"color: #000d48; text-decoration: underline;\">Configura\u00e7\u00e3o de Mem\u00f3ria:<\/span><\/span><\/strong><br \/>\n64 bits, sendo 40 bits o ID<\/p>\n<p><strong><span style=\"text-decoration: underline;\"><span style=\"color: #000d48; text-decoration: underline;\">Dist\u00e2ncia de Leitura*:<\/span><\/span><\/strong><br \/>\nDe 7 a 11 cm com leitor AP-15<br \/>\nDe 22 a 30 cm com leitor AP-30<br \/>\nDe 36 a 42 cm com leitor AP-60<\/p>\n<p><strong><span style=\"text-decoration: underline;\"><span style=\"color: #000d48; text-decoration: underline;\">Tempo de Vida**:<\/span><\/span><\/strong><br \/>\nIlimitado<\/p>\n<p><strong><span style=\"text-decoration: underline;\"><span style=\"color: #000d48; text-decoration: underline;\">Encapsulamento:<\/span><\/span><\/strong><br \/>\nPVC branco brilhante<\/p>\n<p><strong><span style=\"text-decoration: underline;\"><span style=\"color: #000d48; text-decoration: underline;\">Dimens\u00f5es:<\/span><\/span><\/strong><br \/>\n86 x 54 x 0,9 mm<\/p>\n<p><strong><span style=\"text-decoration: underline;\"><span style=\"color: #000d48; text-decoration: underline;\">Temperatura de Opera\u00e7\u00e3o:<\/span><\/span><\/strong><br \/>\n-25\u00b0C a +65\u00b0C<\/p>\n<p><strong><span style=\"text-decoration: underline;\"><span style=\"color: #000d48; text-decoration: underline;\">Temperatura Armazenamento:<\/span><\/span><\/strong><br \/>\n-25\u00b0C a +65\u00b0C<\/p>\n<p><strong><span style=\"text-decoration: underline;\"><span style=\"color: #000d48; text-decoration: underline;\">Grau de Prote\u00e7\u00e3o:<\/span><\/span><\/strong><br \/>\nIP67<\/p>\n<p><strong><span style=\"text-decoration: underline;\"><span style=\"color: #000d48; text-decoration: underline;\">Furo:<\/span><\/span><\/strong><br \/>\nN\u00e3o recomend\u00e1vel<\/p>\n<p><em><strong><span style=\"color: #000d48;\">*<\/span> <\/strong>Considerando alimenta\u00e7\u00e3o do Leitor por fonte regulada e estabilizada de 12V DC, instala\u00e7\u00e3o em ambiente sem ru\u00eddo eletromagn\u00e9tico e sem a presen\u00e7a de superf\u00edcies met\u00e1licas pr\u00f3ximas ao leitor.<\/em><br \/>\n<em><strong><span style=\"color: #000d48;\">**<\/span><\/strong> Respeitando as especifica\u00e7\u00f5es.<\/em><\/p>\n","protected":false},"excerpt":{"rendered":"<p>O cart\u00e3o de proximidade AcuProx ISO Premium \u00e9 um cart\u00e3o RFID passivo somente leitura da Linha AcuProx em formato semelhante ao de um cart\u00e3o de cr\u00e9dito, possui c\u00f3digo \u00fanico pr\u00e9-gravado de 64 bits e impresso na lateral.<br \/>\nFeito em PVC, o AcuProx ISO Premium \u00e9 resistente e apresenta \u00f3tima performance de leitura.<br \/>\nPossui marca para furo, para poder ser usado como crach\u00e1. Ambos os lados podem ser utilizados para impress\u00e3o, em Off-set, termo-transfer\u00eancia e sublima\u00e7\u00e3o (dye sublimation). Possui uma superf\u00edcie com qualidade superior para impress\u00e3o em rela\u00e7\u00e3o ao Acuprox ISO.<br \/>\nPara quantidades acima de 100.000, o AcuProx ISO Premium pode ser fornecido com um chip com contato na posi\u00e7\u00e3o ISO, UV data-code HICO 4200Oe, tarja magn\u00e9tica e coloca\u00e7\u00e3o de hologramas.<\/p>\n<p>&nbsp;<\/p>\n<p>&nbsp;<\/p>\n","protected":false},"featured_media":404,"comment_status":"open","ping_status":"closed","template":"","meta":{"_exactmetrics_skip_tracking":false,"_exactmetrics_sitenote_active":false,"_exactmetrics_sitenote_note":"","_exactmetrics_sitenote_category":0,"_joinchat":[]},"product_brand":[],"product_cat":[14],"product_tag":[185,184,177],"class_list":{"0":"post-403","1":"product","2":"type-product","3":"status-publish","4":"has-post-thumbnail","6":"product_cat-cartoes-e-tags","7":"product_tag-acuprox-iso-premium","8":"product_tag-tag-identificacao-de-pessoas","9":"product_tag-tag-para-pessoas","11":"first","12":"instock","13":"shipping-taxable","14":"product-type-simple"},"_links":{"self":[{"href":"https:\/\/biomag.com.br\/loja\/wp-json\/wp\/v2\/product\/403","targetHints":{"allow":["GET"]}}],"collection":[{"href":"https:\/\/biomag.com.br\/loja\/wp-json\/wp\/v2\/product"}],"about":[{"href":"https:\/\/biomag.com.br\/loja\/wp-json\/wp\/v2\/types\/product"}],"replies":[{"embeddable":true,"href":"https:\/\/biomag.com.br\/loja\/wp-json\/wp\/v2\/comments?post=403"}],"wp:featuredmedia":[{"embeddable":true,"href":"https:\/\/biomag.com.br\/loja\/wp-json\/wp\/v2\/media\/404"}],"wp:attachment":[{"href":"https:\/\/biomag.com.br\/loja\/wp-json\/wp\/v2\/media?parent=403"}],"wp:term":[{"taxonomy":"product_brand","embeddable":true,"href":"https:\/\/biomag.com.br\/loja\/wp-json\/wp\/v2\/product_brand?post=403"},{"taxonomy":"product_cat","embeddable":true,"href":"https:\/\/biomag.com.br\/loja\/wp-json\/wp\/v2\/product_cat?post=403"},{"taxonomy":"product_tag","embeddable":true,"href":"https:\/\/biomag.com.br\/loja\/wp-json\/wp\/v2\/product_tag?post=403"}],"curies":[{"name":"wp","href":"https:\/\/api.w.org\/{rel}","templated":true}]}}