{"id":397,"date":"2014-01-07T13:53:40","date_gmt":"2014-01-07T13:53:40","guid":{"rendered":"http:\/\/biomag.com.br\/loja\/?post_type=product&#038;p=397"},"modified":"2014-02-03T12:32:48","modified_gmt":"2014-02-03T12:32:48","slug":"tag-rfid-acuprox-card-rw","status":"publish","type":"product","link":"https:\/\/biomag.com.br\/loja\/produto\/tag-rfid-acuprox-card-rw\/","title":{"rendered":"Tag RFID AcuProx Card RW"},"content":{"rendered":"<p>&nbsp;<\/p>\n<p><span style=\"text-decoration: underline;\"><strong><span style=\"color: #000d48; text-decoration: underline;\">Aplica\u00e7\u00e3o:<\/span> <\/strong><\/span><br \/>\nIdentifica\u00e7\u00e3o de pessoas<\/p>\n<p><strong><span style=\"text-decoration: underline;\"><span style=\"color: #000d48; text-decoration: underline;\">Tecnologia:<\/span> <\/span><\/strong><br \/>\nLF &#8211; (Baixa Frequencia, Passivo)<\/p>\n<p><strong><span style=\"text-decoration: underline;\"><span style=\"color: #000d48; text-decoration: underline;\">Tipo:<\/span> <\/span><\/strong><br \/>\nClamshell<\/p>\n<p><strong><span style=\"text-decoration: underline;\"><span style=\"color: #000d48; text-decoration: underline;\">Modula\u00e7\u00e3o:<\/span> <\/span><\/strong><br \/>\nASK<\/p>\n<p><strong><span style=\"text-decoration: underline;\"><span style=\"color: #000d48; text-decoration: underline;\">Frequ\u00eancia de Opera\u00e7\u00e3o:<\/span> <\/span><\/strong><br \/>\n125 kHz<\/p>\n<p><strong><span style=\"text-decoration: underline;\"><span style=\"color: #000d48; text-decoration: underline;\">Chip RFID:<\/span> <\/span><\/strong><br \/>\nT5557\/ATA5567 -RW ou compat\u00edvel<\/p>\n<p><strong><span style=\"text-decoration: underline;\"><span style=\"color: #000d48; text-decoration: underline;\">Configura\u00e7\u00e3o de Mem\u00f3ria:<\/span> <\/span><\/strong><br \/>\n330 bits<\/p>\n<p><strong><span style=\"text-decoration: underline;\"><span style=\"color: #000d48; text-decoration: underline;\">Dist\u00e2ncia de Leitura*:<\/span> <\/span><\/strong><br \/>\nDe 8 a 13 cm com leitor AP-15<br \/>\nDe 24 a 32 cm com leitor AP-30<br \/>\nDe 40 a 48 cm com leitor AP-60<\/p>\n<p><strong><span style=\"text-decoration: underline;\"><span style=\"color: #000d48; text-decoration: underline;\">Tempo de Vida**:<\/span> <\/span><\/strong><br \/>\nIlimitado<\/p>\n<p><span style=\"text-decoration: underline;\"><strong><span style=\"color: #000d48; text-decoration: underline;\">Encapsulamento:<\/span> <\/strong><\/span><br \/>\nPVC branco fosco (l\u00e2mina) e ABS (concha)<\/p>\n<p><strong><span style=\"text-decoration: underline;\"><span style=\"color: #000d48; text-decoration: underline;\">Dimens\u00f5es:<\/span> <\/span><\/strong><br \/>\n86 x 54 x 1,6 mm<\/p>\n<p><strong><span style=\"text-decoration: underline;\"><span style=\"color: #000d48; text-decoration: underline;\">Temperatura de Opera\u00e7\u00e3o:<\/span> <\/span><\/strong><br \/>\n-20\u00b0C a +55\u00b0C<\/p>\n<p><strong><span style=\"text-decoration: underline;\"><span style=\"color: #000d48; text-decoration: underline;\">Temperatura Armazenamento:<\/span> <\/span><\/strong><br \/>\n-25\u00b0C a +75\u00b0C<\/p>\n<p><strong><span style=\"text-decoration: underline;\"><span style=\"color: #000d48; text-decoration: underline;\">Grau de Prote\u00e7\u00e3o:<\/span> <\/span><\/strong><br \/>\nIP66<\/p>\n<p><strong><span style=\"text-decoration: underline;\"><span style=\"color: #000d48; text-decoration: underline;\">Furo:<\/span> <\/span><\/strong><br \/>\nSim<\/p>\n<p><em><strong><span style=\"color: #000d48;\">*<\/span><\/strong> Considerando alimenta\u00e7\u00e3o do Leitor por fonte regulada e estabilizada de 12V DC, instala\u00e7\u00e3o em ambiente sem ru\u00eddo <span style=\"color: #333333;\">eletromagn\u00e9tico e sem a presen\u00e7a<\/span> de superf\u00edcies met\u00e1licas pr\u00f3ximas ao leitor. <\/em><br \/>\n<em><strong><span style=\"color: #000d48;\">**<\/span><\/strong> Respeitando as especifica\u00e7\u00f5es.<\/em><\/p>\n","protected":false},"excerpt":{"rendered":"<p>O cart\u00e3o de proximidade AcuProx Card RW \u00e9 um cart\u00e3o RFID passivo regrav\u00e1vel da Linha AcuProx em formato ClamShell com furo para ser usado como crach\u00e1, permite leitura e grava\u00e7\u00e3o de at\u00e9 264 bits com senha program\u00e1vel.<br \/>\nFeito em PVC (parte superior) e ABS (concha), o AcuProx Card RW \u00e9 resistente e apresenta \u00f3tima performance de leitura.<br \/>\nPossui codifica\u00e7\u00e3o em tr\u00eas interfaces: Wiegand, ABA TK2 e Serial RS-232.<br \/>\nA parte superior permite impress\u00e3o ou aplica\u00e7\u00e3o de etiqueta para identifica\u00e7\u00e3o.<br \/>\nPara quantidades acima de 50.000, o AcuProx Card RW pode ser fornecido com impress\u00e3o personalizada na l\u00e2mina, e para quantidades superiores a 250.000 unidades, \u00e9 poss\u00edvel fornecer o cart\u00e3o com impress\u00e3o personalizada ou em alto-relevo na concha.<\/p>\n","protected":false},"featured_media":398,"comment_status":"open","ping_status":"closed","template":"","meta":{"_exactmetrics_skip_tracking":false,"_exactmetrics_sitenote_active":false,"_exactmetrics_sitenote_note":"","_exactmetrics_sitenote_category":0,"_joinchat":[]},"product_brand":[],"product_cat":[14],"product_tag":[180,172,177,179],"class_list":{"0":"post-397","1":"product","2":"type-product","3":"status-publish","4":"has-post-thumbnail","6":"product_cat-cartoes-e-tags","7":"product_tag-acuprox-card-rw","8":"product_tag-tag-para-identificacao-de-pessoas","9":"product_tag-tag-para-pessoas","10":"product_tag-tag-rfid-acuprox-card-rw","12":"first","13":"instock","14":"shipping-taxable","15":"product-type-simple"},"_links":{"self":[{"href":"https:\/\/biomag.com.br\/loja\/wp-json\/wp\/v2\/product\/397","targetHints":{"allow":["GET"]}}],"collection":[{"href":"https:\/\/biomag.com.br\/loja\/wp-json\/wp\/v2\/product"}],"about":[{"href":"https:\/\/biomag.com.br\/loja\/wp-json\/wp\/v2\/types\/product"}],"replies":[{"embeddable":true,"href":"https:\/\/biomag.com.br\/loja\/wp-json\/wp\/v2\/comments?post=397"}],"wp:featuredmedia":[{"embeddable":true,"href":"https:\/\/biomag.com.br\/loja\/wp-json\/wp\/v2\/media\/398"}],"wp:attachment":[{"href":"https:\/\/biomag.com.br\/loja\/wp-json\/wp\/v2\/media?parent=397"}],"wp:term":[{"taxonomy":"product_brand","embeddable":true,"href":"https:\/\/biomag.com.br\/loja\/wp-json\/wp\/v2\/product_brand?post=397"},{"taxonomy":"product_cat","embeddable":true,"href":"https:\/\/biomag.com.br\/loja\/wp-json\/wp\/v2\/product_cat?post=397"},{"taxonomy":"product_tag","embeddable":true,"href":"https:\/\/biomag.com.br\/loja\/wp-json\/wp\/v2\/product_tag?post=397"}],"curies":[{"name":"wp","href":"https:\/\/api.w.org\/{rel}","templated":true}]}}