{"id":394,"date":"2014-01-07T13:26:20","date_gmt":"2014-01-07T13:26:20","guid":{"rendered":"http:\/\/biomag.com.br\/loja\/?post_type=product&#038;p=394"},"modified":"2024-03-26T15:31:40","modified_gmt":"2024-03-26T18:31:40","slug":"tag-rfid-acuprox-card-hp","status":"publish","type":"product","link":"https:\/\/biomag.com.br\/loja\/produto\/tag-rfid-acuprox-card-hp\/","title":{"rendered":"Tag RFID AcuProx Card HP"},"content":{"rendered":"<p><span style=\"text-decoration: underline; color: #000d48;\"><strong>Codifica\u00e7\u00e3o impressa em tr\u00eas interfaces:<\/strong><\/span><br \/>\nWiegand<br \/>\nABA TK2<br \/>\nSerial RS-232<\/p>\n<p><span style=\"text-decoration: underline; color: #000d48;\"><strong>Tecnologia:<\/strong><\/span><br \/>\nLF &#8211; (Baixa frequ\u00eancia, Passivo)<\/p>\n<p><span style=\"text-decoration: underline; color: #000d48;\"><strong>Tipo:<\/strong><\/span><br \/>\nClamshell<\/p>\n<p><span style=\"text-decoration: underline; color: #000d48;\"><strong>Modula\u00e7\u00e3o:<\/strong><\/span><br \/>\nASK<\/p>\n<p><span style=\"text-decoration: underline; color: #000d48;\"><strong>Frequ\u00eancia de opera\u00e7\u00e3o:<\/strong><\/span><br \/>\n125 kHz<\/p>\n<p><span style=\"text-decoration: underline; color: #000d48;\"><strong>Chip RFID:<\/strong><\/span><br \/>\nUnique EM4002 ou compat\u00edvel &#8211; RO<\/p>\n<p><span style=\"text-decoration: underline; color: #000d48;\"><strong>Configura\u00e7\u00e3o de mem\u00f3ria:<\/strong><\/span><br \/>\n64 bits, sendo 40 bits o ID<\/p>\n<p><span style=\"text-decoration: underline;\"><strong><span style=\"color: #000d48; text-decoration: underline;\">Dist\u00e2ncia de leitura:<\/span><\/strong><\/span><strong><span style=\"color: #000d48;\">*<\/span><\/strong><br \/>\nDe 14 a 18 cm com leitor AP-15<br \/>\nDe 38 a 44 cm com leitor AP-30<br \/>\nDe 55 a 60 cm com leitor AP-60<\/p>\n<p><span style=\"text-decoration: underline; color: #000d48;\"><strong>Aplica\u00e7\u00f5es:<\/strong><\/span><br \/>\nIdentifica\u00e7\u00e3o de pessoas<\/p>\n<p><span style=\"text-decoration: underline; color: #000d48;\"><strong>Tempo de vida:<\/strong><\/span><span style=\"color: #000d48;\"><strong>**<\/strong><\/span><br \/>\nIlimitado<\/p>\n<p><span style=\"text-decoration: underline; color: #000d48;\"><strong>Encapsulamento:<\/strong><\/span><br \/>\nPVC branco fosco (l\u00e2mina) e ABS (concha)<\/p>\n<p><span style=\"text-decoration: underline; color: #000d48;\"><strong>Dimens\u00f5es:<\/strong><\/span><br \/>\n86 x 54 x 1,6 mm<\/p>\n<p><strong><span style=\"text-decoration: underline; color: #000d48;\">Temperatura de opera\u00e7\u00e3o:<\/span><\/strong><br \/>\n-20\u00b0C a +55\u00b0C<\/p>\n<p><span style=\"text-decoration: underline; color: #000d48;\"><strong>Temperatura de armazenamento:<\/strong><\/span><br \/>\n-25\u00b0C a +75\u00b0C<\/p>\n<p><span style=\"text-decoration: underline; color: #000d48;\"><strong>Grau de prote\u00e7\u00e3o:<\/strong><\/span><br \/>\nIP66<\/p>\n<p><span style=\"text-decoration: underline; color: #000d48;\"><strong>Furo:<\/strong><\/span><br \/>\nSim<\/p>\n<p><em>* Considerando alimenta\u00e7\u00e3o do Leitor por fonte regulada e estabilizada de 12V DC, instala\u00e7\u00e3o em ambiente sem ru\u00eddo eletromagn\u00e9tico e sem a presen\u00e7a de superf\u00edcies met\u00e1licas pr\u00f3ximas ao leitor.<\/em><br \/>\n<em>** Respeitando as especifica\u00e7\u00f5es.<\/em><\/p>\n","protected":false},"excerpt":{"rendered":"<p>Cart\u00e3o RFID passivo somente leitura da Linha AcuProx em formato ClamShell com furo para ser usado como crach\u00e1, possui c\u00f3digo \u00fanico pr\u00e9-gravado de 64 bits e impresso na parte de tr\u00e1s, ideal para ser utilizado em diversas aplica\u00e7\u00f5es na \u00e1rea de controle de acesso. Feito em PVC (parte superior) e ABS (concha), o AcuProx Card HP \u00e9 resistente e apresenta performance superior em dist\u00e2ncia de leitura em rela\u00e7\u00e3o ao AcuProx Card. A parte superior permite aplica\u00e7\u00e3o de pel\u00edcula para identifica\u00e7\u00e3o. Possui c\u00f3digos Wiegand, ABA TK2 e Serial RS-232 impressos no cart\u00e3o. Para quantidades acima de 50.000, o AcuProx Card HP pode ser fornecido com impress\u00e3o personalizada na l\u00e2mina, e para quantidades superiores a 250.000 unidades, \u00e9 poss\u00edvel fornecer o cart\u00e3o com impress\u00e3o personalizada ou em alto-relevo na concha. Indicado para aplica\u00e7\u00f5es que utilizam Leitores AcuProx de 125 kHz.<\/p>\n","protected":false},"featured_media":1794,"comment_status":"open","ping_status":"closed","template":"","meta":{"_exactmetrics_skip_tracking":false,"_exactmetrics_sitenote_active":false,"_exactmetrics_sitenote_note":"","_exactmetrics_sitenote_category":0,"_joinchat":[]},"product_brand":[],"product_cat":[14],"product_tag":[172,177,176,178],"class_list":{"0":"post-394","1":"product","2":"type-product","3":"status-publish","4":"has-post-thumbnail","6":"product_cat-cartoes-e-tags","7":"product_tag-tag-para-identificacao-de-pessoas","8":"product_tag-tag-para-pessoas","9":"product_tag-tag-rfid-acuprox-card-hp","10":"product_tag-tag-tag-acuprox-card-hp","12":"first","13":"instock","14":"shipping-taxable","15":"product-type-simple"},"_links":{"self":[{"href":"https:\/\/biomag.com.br\/loja\/wp-json\/wp\/v2\/product\/394","targetHints":{"allow":["GET"]}}],"collection":[{"href":"https:\/\/biomag.com.br\/loja\/wp-json\/wp\/v2\/product"}],"about":[{"href":"https:\/\/biomag.com.br\/loja\/wp-json\/wp\/v2\/types\/product"}],"replies":[{"embeddable":true,"href":"https:\/\/biomag.com.br\/loja\/wp-json\/wp\/v2\/comments?post=394"}],"wp:featuredmedia":[{"embeddable":true,"href":"https:\/\/biomag.com.br\/loja\/wp-json\/wp\/v2\/media\/1794"}],"wp:attachment":[{"href":"https:\/\/biomag.com.br\/loja\/wp-json\/wp\/v2\/media?parent=394"}],"wp:term":[{"taxonomy":"product_brand","embeddable":true,"href":"https:\/\/biomag.com.br\/loja\/wp-json\/wp\/v2\/product_brand?post=394"},{"taxonomy":"product_cat","embeddable":true,"href":"https:\/\/biomag.com.br\/loja\/wp-json\/wp\/v2\/product_cat?post=394"},{"taxonomy":"product_tag","embeddable":true,"href":"https:\/\/biomag.com.br\/loja\/wp-json\/wp\/v2\/product_tag?post=394"}],"curies":[{"name":"wp","href":"https:\/\/api.w.org\/{rel}","templated":true}]}}