{"id":3542,"date":"2019-07-08T11:19:59","date_gmt":"2019-07-08T14:19:59","guid":{"rendered":"https:\/\/biomag.com.br\/loja\/?post_type=product&#038;p=3542"},"modified":"2019-07-08T11:32:55","modified_gmt":"2019-07-08T14:32:55","slug":"edge-40r-n-autoid","status":"publish","type":"product","link":"https:\/\/biomag.com.br\/loja\/produto\/edge-40r-n-autoid\/","title":{"rendered":"EDGE 40R-N AutoID"},"content":{"rendered":"<p><span style=\"color: #000d48;\"><em><strong>Dimens\u00f5es:<\/strong><\/em><\/span><br \/>\n308 x 308 x 79mm<\/p>\n<p><span style=\"color: #000d48;\"><em><strong>Temperatura de Opera\u00e7\u00e3o:<\/strong><\/em><\/span><br \/>\n-10\u00b0C a + 65\u00b0C<\/p>\n<p><span style=\"color: #000d48;\"><em><strong>Temperatura de Armazenagem:<\/strong><\/em><\/span><br \/>\n-10\u00b0C a + 70\u00b0C<\/p>\n<p><span style=\"color: #000d48;\"><em><strong>Umidade Relativa do Ar:<\/strong><\/em><\/span><br \/>\n95%, sem condensa\u00e7\u00e3o<\/p>\n<p><span style=\"color: #000d48;\"><em><strong>Grau de Prote\u00e7\u00e3o:<\/strong><\/em><\/span><br \/>\nIP66<\/p>\n<p><span style=\"color: #000d48;\"><strong><em>Fixa\u00e7\u00e3o:<\/em><\/strong><\/span><br \/>\nAtrav\u00e9 de suporte de para leitor<\/p>\n<p><span style=\"color: #000d48;\"><em><strong>Alimenta\u00e7\u00e3o:<\/strong><\/em><\/span><br \/>\nTens\u00e3o de entrada: 24VCC \u00b1 10%;M\u00e1ximo Ripple da fonte: 200mVpp<\/p>\n<p><span style=\"color: #000d48;\"><em><strong>Consumo:<\/strong><\/em><\/span><br \/>\nM\u00e1ximo 15W;Com pot\u00eancia m\u00e1xima de 30dBm e duty cycle elevado<\/p>\n<p><span style=\"color: #000d48;\"><em><strong>Protocolos Suportados:<\/strong><\/em><\/span><br \/>\nEPC Gen2 (ISO 18000-6C)<\/p>\n<p><span style=\"color: #000d48;\"><em><strong>M\u00e1xima dist\u00e2ncia de leitura:<\/strong><\/em><\/span><br \/>\nEm m\u00e9dia 4m com tag T5-C fixado no vidro<\/p>\n<p><span style=\"color: #000d48;\"><em><strong>Backscatter Link Frequency:<\/strong><\/em><\/span><br \/>\n250kHz<\/p>\n<p><span style=\"color: #000d48;\"><em><strong>Conex\u00f5es:<\/strong><\/em><\/span><br \/>\nConector industrial M23 16 polos, IP66 (conectado)<\/p>\n<p><span style=\"color: #000d48;\"><em><strong>Comunica\u00e7\u00e3o de dados:<\/strong><\/em><\/span><br \/>\nInterfaces de comunica\u00e7\u00e3o Wiegand 26\/34 bits, ABA Track 10\/14 d\u00edgitos, Serial RS-232 e TCP\/IP (configur\u00e1veis a partir da p\u00e1gina html)<\/p>\n<p><span style=\"color: #000d48;\"><em><strong>Conector:<\/strong><\/em><\/span><br \/>\nConex\u00f5es atrav\u00e9s da PCI Interface;RJ45 (TCP\/IP);Bornes (Serial RS232, Wiegand e ABA Track)<\/p>\n<p><span style=\"color: #000d48;\"><em><strong>Certifica\u00e7\u00f5es:<\/strong><\/em><\/span><br \/>\nAnatel<\/p>\n<p><span style=\"color: #000d48;\"><em><strong>Acess\u00f3rios:<\/strong><\/em><\/span><br \/>\nPCI Interface;Suporte para Fixa\u00e7\u00e3o<\/p>\n<p><span style=\"color: #000d48;\"><em><strong>Pot\u00eancia RF:<\/strong><\/em><\/span><br \/>\nAntena integrada 9dBic (36dBm EIRP)<\/p>\n<p><span style=\"color: #000d48;\"><em><strong>Modo RF:<\/strong><\/em><\/span><br \/>\nFrequency Hopping<\/p>\n<p><span style=\"color: #000d48;\"><em><strong>Modula\u00e7\u00e3o RF:<\/strong><\/em><\/span><br \/>\nPR-ASK<\/p>\n","protected":false},"excerpt":{"rendered":"<p>Um leitor RFID UHF desenvolvido especialmente para uso em opera\u00e7\u00f5es de controle de acesso veicular, possui os principais protocolos de comunica\u00e7\u00e3o utilizados pela grande maioria das placas controladoras no mercado.<\/p>\n","protected":false},"featured_media":3541,"comment_status":"closed","ping_status":"closed","template":"","meta":{"_exactmetrics_skip_tracking":false,"_exactmetrics_sitenote_active":false,"_exactmetrics_sitenote_note":"","_exactmetrics_sitenote_category":0,"_joinchat":[]},"product_brand":[],"product_cat":[23],"product_tag":[],"class_list":{"0":"post-3542","1":"product","2":"type-product","3":"status-publish","4":"has-post-thumbnail","6":"product_cat-leitores-de-cartoes-de-proximidade","8":"first","9":"outofstock","10":"shipping-taxable","11":"product-type-simple"},"_links":{"self":[{"href":"https:\/\/biomag.com.br\/loja\/wp-json\/wp\/v2\/product\/3542","targetHints":{"allow":["GET"]}}],"collection":[{"href":"https:\/\/biomag.com.br\/loja\/wp-json\/wp\/v2\/product"}],"about":[{"href":"https:\/\/biomag.com.br\/loja\/wp-json\/wp\/v2\/types\/product"}],"replies":[{"embeddable":true,"href":"https:\/\/biomag.com.br\/loja\/wp-json\/wp\/v2\/comments?post=3542"}],"wp:featuredmedia":[{"embeddable":true,"href":"https:\/\/biomag.com.br\/loja\/wp-json\/wp\/v2\/media\/3541"}],"wp:attachment":[{"href":"https:\/\/biomag.com.br\/loja\/wp-json\/wp\/v2\/media?parent=3542"}],"wp:term":[{"taxonomy":"product_brand","embeddable":true,"href":"https:\/\/biomag.com.br\/loja\/wp-json\/wp\/v2\/product_brand?post=3542"},{"taxonomy":"product_cat","embeddable":true,"href":"https:\/\/biomag.com.br\/loja\/wp-json\/wp\/v2\/product_cat?post=3542"},{"taxonomy":"product_tag","embeddable":true,"href":"https:\/\/biomag.com.br\/loja\/wp-json\/wp\/v2\/product_tag?post=3542"}],"curies":[{"name":"wp","href":"https:\/\/api.w.org\/{rel}","templated":true}]}}