{"id":2764,"date":"2017-10-24T14:37:25","date_gmt":"2017-10-24T17:37:25","guid":{"rendered":"http:\/\/biomag.com.br\/loja\/?post_type=product&#038;p=2764"},"modified":"2025-06-27T17:48:59","modified_gmt":"2025-06-27T20:48:59","slug":"leitor-biometrico-digiscan-futronic-fs-88h","status":"publish","type":"product","link":"https:\/\/biomag.com.br\/loja\/produto\/leitor-biometrico-digiscan-futronic-fs-88h\/","title":{"rendered":"Leitor biom\u00e9trico DigiScan\/Futronic FS 88H"},"content":{"rendered":"<p><span style=\"color: #000d48;\"><em><strong>Interface:<\/strong><\/em><\/span><br \/>\nUSB 2.0 plug and play<\/p>\n<p><span style=\"color: #000d48;\"><em><strong>Comprimento do cabo:<\/strong><\/em><\/span><br \/>\n2,0 metros<\/p>\n<p><span style=\"color: #000d48;\"><em><strong>Janela de detec\u00e7\u00e3o:<\/strong><\/em><\/span><br \/>\n16,26mm x 24,38mm<\/p>\n<p><span style=\"color: #000d48;\"><em><strong>Tipo de sensor:<\/strong><\/em><\/span><br \/>\nFingerPrint \u00d3ptico (CMOS C\u00e2mera)<\/p>\n<p><span style=\"color: #000d48;\"><em><strong>Ilumina\u00e7\u00e3o do sensor:<\/strong><\/em><\/span><br \/>\nLeds infravermelhos<\/p>\n<p><span style=\"color: #000d48;\"><strong><em>Resolu\u00e7\u00e3o:<\/em><\/strong><\/span><br \/>\n500 DPI, 480 x 320 pixel<\/p>\n<p><span style=\"color: #000d48;\"><em><strong>Captura da imagem:<\/strong><\/em><\/span><br \/>\nEscala de cinza &#8211; 256 n\u00edveis (8bits)<\/p>\n<p><span style=\"color: #000d48;\"><em><strong>Forma da captura:<\/strong><\/em><\/span><br \/>\n01 dedo pousado (batido)<\/p>\n<p><span style=\"color: #000d48;\"><em><strong>Tamanho da imagem capturada:<\/strong><\/em><\/span><br \/>\n150 Kbyte<\/p>\n<p><span style=\"color: #000d48;\"><em><strong>Detec\u00e7\u00e3o de dedo vivo:<\/strong><\/em><\/span><br \/>\nCom LFD (detec\u00e7\u00e3o de dedo vivo)<\/p>\n<p><span style=\"color: #000d48;\"><em><strong>Padr\u00e3o da imagem:<\/strong><\/em><\/span><br \/>\nWSQ<\/p>\n<p><span style=\"color: #000d48;\"><em><strong>Tamanho do template (minutia):<\/strong><\/em><\/span><br \/>\n3 Kbyte<\/p>\n<p><span style=\"color: #000d48;\"><em><strong>Precis\u00e3o da impress\u00e3o digital:<\/strong><\/em><\/span><br \/>\nFAR=0.000001, FRR=0.001<\/p>\n<p><span style=\"color: #000d48;\"><em><strong>Rota\u00e7\u00e3o permitida do dedo:<\/strong><\/em><\/span><br \/>\n\u00b1 15\u00b0<\/p>\n<p><span style=\"color: #000d48;\"><em><strong>Dimens\u00f5es:<\/strong><\/em><\/span><br \/>\n29 x 66 x 66 (mm) &#8211; A x C x L<\/p>\n<p><span style=\"color: #000d48;\"><em><strong>Tens\u00e3o de alimenta\u00e7\u00e3o:<\/strong><\/em><\/span><br \/>\nDC 4,5 5,5 V via porta USB<\/p>\n<p><span style=\"color: #000d48;\"><em><strong>Consumo:<\/strong><\/em><\/span><br \/>\nStandby &lt; 200mW;<br \/>\nActive &lt; 500mW (durante o escaneamento e reconhecimento da Digital);<br \/>\nSleep mode &lt; 5m W+B29<\/p>\n<p><span style=\"color: #000d48;\"><strong><em>Condi\u00e7\u00f5es ambientais de opera\u00e7\u00e3o:<\/em><\/strong><\/span><br \/>\nTemperatura de -10\u00b0C a 55\u00b0C com umidade relativa do ar entre 20% a 80%<\/p>\n<p><span style=\"color: #000d48;\"><em><strong>Prote\u00e7\u00e3o de ESD:<\/strong><\/em><\/span><br \/>\n8 KV<\/p>\n<p><span style=\"color: #000d48;\"><em><strong>Descarga el\u00e9trica:<\/strong><\/em><\/span><br \/>\n16 KV (nenhum dano permanente)<\/p>\n<p><span style=\"color: #000d48;\"><em><strong>Certificados:<\/strong><\/em><\/span><br \/>\nFIPS 201 \/ PIV 071006 Image Quality Specification; Microsoft WHQL; FCC and CE; RoHS<\/p>\n<p><em><strong><span style=\"color: #000d48;\">Sistema operacional:<\/span><\/strong><\/em><br \/>\nWindows 8 \/ 7 \/ Vista\/2008 \/ XP\/2003, 32-bit e 64-bit.<br \/>\nWindows CE 5.0 e 6.0 (para x86 e ARM9)<br \/>\nMacOS (Vers\u00e3o 10.5, intel CPU)<br \/>\nLinux com kernel 2.4 ou superior (para X86 e ARM9)<\/p>\n","protected":false},"excerpt":{"rendered":"<p>Possui o avan\u00e7ado sistema anti-fraude de detec\u00e7\u00e3o de dedo vivo (LFD \u2013 Live Finger Detection), que permite identificar tentativas de fraude. Com um software apropriado, o integrador pode ativar a fun\u00e7\u00e3o LFD pelo sistema e rejeitar as digitais falsas feitas de silicone, borracha, gelatina, etc.<br \/>\nCertificado pelo FBI segundo a norma PIV-071006 de qualidade de imagem da digital. Desta forma, atende plenamente a norma FIPS201 (Federal Information Processing Standard 201), PIV (Personal<br \/>\nIdentification Verification) da Federal Employees and Contractors. Ele tamb\u00e9m consta na lista de produtos aprovados no US General Services Administration (GSA) FIPS 201 Evaluation Program.<br \/>\nUtilizando um avan\u00e7ado sensor \u00f3ptico com tecnologia CMOS e um conjunto de lentes de extrema precis\u00e3o para atender aos rigorosos requisitos de qualidade da imagem PIV-071006. As suas lentes s\u00e3o feitas em vidro tipo \u201ccrown glass\u201d com espessura de 14 mm para garantir uma longa vida \u00fatil, mesmo em ambientes de uso intenso.<\/p>\n","protected":false},"featured_media":3488,"comment_status":"closed","ping_status":"closed","template":"","meta":{"_exactmetrics_skip_tracking":false,"_exactmetrics_sitenote_active":false,"_exactmetrics_sitenote_note":"","_exactmetrics_sitenote_category":0,"_joinchat":[]},"product_brand":[],"product_cat":[21],"product_tag":[306,38],"class_list":{"0":"post-2764","1":"product","2":"type-product","3":"status-publish","4":"has-post-thumbnail","6":"product_cat-leitores-biometricos","7":"product_tag-fs-88","8":"product_tag-leitor-biometrico","10":"first","11":"instock","12":"sale","13":"shipping-taxable","14":"purchasable","15":"product-type-simple"},"_links":{"self":[{"href":"https:\/\/biomag.com.br\/loja\/wp-json\/wp\/v2\/product\/2764","targetHints":{"allow":["GET"]}}],"collection":[{"href":"https:\/\/biomag.com.br\/loja\/wp-json\/wp\/v2\/product"}],"about":[{"href":"https:\/\/biomag.com.br\/loja\/wp-json\/wp\/v2\/types\/product"}],"replies":[{"embeddable":true,"href":"https:\/\/biomag.com.br\/loja\/wp-json\/wp\/v2\/comments?post=2764"}],"wp:featuredmedia":[{"embeddable":true,"href":"https:\/\/biomag.com.br\/loja\/wp-json\/wp\/v2\/media\/3488"}],"wp:attachment":[{"href":"https:\/\/biomag.com.br\/loja\/wp-json\/wp\/v2\/media?parent=2764"}],"wp:term":[{"taxonomy":"product_brand","embeddable":true,"href":"https:\/\/biomag.com.br\/loja\/wp-json\/wp\/v2\/product_brand?post=2764"},{"taxonomy":"product_cat","embeddable":true,"href":"https:\/\/biomag.com.br\/loja\/wp-json\/wp\/v2\/product_cat?post=2764"},{"taxonomy":"product_tag","embeddable":true,"href":"https:\/\/biomag.com.br\/loja\/wp-json\/wp\/v2\/product_tag?post=2764"}],"curies":[{"name":"wp","href":"https:\/\/api.w.org\/{rel}","templated":true}]}}