{"id":2020,"date":"2016-01-13T08:30:12","date_gmt":"2016-01-13T11:30:12","guid":{"rendered":"http:\/\/biomag.com.br\/loja\/?post_type=product&#038;p=2020"},"modified":"2019-07-26T11:36:22","modified_gmt":"2019-07-26T14:36:22","slug":"leitor-de-cartao-magnetico-magpass-ii","status":"publish","type":"product","link":"https:\/\/biomag.com.br\/loja\/produto\/leitor-de-cartao-magnetico-magpass-ii\/","title":{"rendered":"Leitor de cart\u00e3o magn\u00e9tico MagPass II"},"content":{"rendered":"<p><span style=\"color: #000d48;\"><em><strong>Interface:<\/strong><\/em><\/span><br \/>\nUSB, Serial, Serial\/TTL<\/p>\n<p><span style=\"color: #000d48;\"><em><strong>Dimens\u00f5es:<\/strong><\/em><\/span><br \/>\n32,42 x 31,65 x 94 mm (A x C x L)<\/p>\n<p><span style=\"color: #000d48;\"><em><strong>Sentido da leitura:<\/strong><\/em><\/span><br \/>\nBidirecional<\/p>\n<p><span style=\"color: #000d48;\"><em><strong>Velocidade de passagem do cart\u00e3o:<\/strong><\/em><\/span><br \/>\n10 cm\/s a 150 cm\/s<\/p>\n<p><span style=\"color: #000d48;\"><em><strong>Vida \u00fatil da cabe\u00e7a magn\u00e9tica:<\/strong><\/em><\/span><br \/>\n300.000 (m\u00ednimo) a 500.000 passagens<\/p>\n<p><span style=\"color: #000d48;\"><em><strong>Vida \u00fatil do cart\u00e3o magn\u00e9tico:<\/strong><\/em><\/span><br \/>\n1.000 passagens (ISO 3554)<\/p>\n<p><span style=\"color: #000d48;\"><em><strong>Compatibilidade:<\/strong><\/em><\/span><br \/>\nISO 7810, 7811 e 7813<\/p>\n<p><span style=\"color: #000d48;\"><strong><em>Tens\u00e3o de alimenta\u00e7\u00e3o:<\/em><\/strong><\/span><br \/>\nDC 5 V \u00b15%<\/p>\n<p><span style=\"color: #000d48;\"><em><strong>Consumo:<\/strong><\/em><\/span><br \/>\n35 mA<\/p>\n<p><span style=\"color: #000d48;\"><em><strong>Condi\u00e7\u00f5es ambientais de opera\u00e7\u00e3o:<\/strong><\/em><\/span><br \/>\nTemperatura de 5\u00b0C a 40\u00b0C com umidade relativa do ar entre 20% a 80%<\/p>\n<p><span style=\"color: #000d48;\"><em><strong>Condi\u00e7\u00f5es ambientais de armazenagem:<\/strong><\/em><\/span><br \/>\nTemperatura de -10\u00b0C a 50\u00b0C com umidade relativa do ar entre 20% a 80%<\/p>\n<p><span style=\"color: #000d48;\"><strong><em>Compatibilidade com sistemas operacionais:<\/em><\/strong><\/span><br \/>\nWindows 8 \/ 7 \/ Vista\/2008 \/ XP\/2003, 32 bit e 64 bit<\/p>\n","protected":false},"excerpt":{"rendered":"<p>Um dispositivo para diversas aplica\u00e7\u00f5es de mercado como: sa\u00fade, automa\u00e7\u00e3o banc\u00e1ria, automa\u00e7\u00e3o comercial, controle de acesso, etc. Pode ser conectado a PC\u00b4s, PDV\u00b4s, terminais banc\u00e1rios, coletores de dados, entre outros equipamentos.<br \/>\nO leitor \u00e9 de f\u00e1cil instala\u00e7\u00e3o e opera\u00e7\u00e3o (plug and play). Ele pode ser configurado localmente atrav\u00e9s de programa\u00e7\u00e3o, utilizando um software amig\u00e1vel via PC. Constru\u00eddo com componentes de alta qualidade, o que o torna altamente resistente e dur\u00e1vel, permitindo economia com manuten\u00e7\u00e3o.<br \/>\nDispon\u00edvel ainda na vers\u00e3o OEM para integra\u00e7\u00e3o em catracas, rel\u00f3gios de pontos, microterminais, terminais de auto-atendimento ATM\u00b4s entre outros.<\/p>\n","protected":false},"featured_media":3533,"comment_status":"closed","ping_status":"closed","template":"","meta":{"_exactmetrics_skip_tracking":false,"_exactmetrics_sitenote_active":false,"_exactmetrics_sitenote_note":"","_exactmetrics_sitenote_category":0,"_joinchat":[]},"product_brand":[],"product_cat":[22],"product_tag":[],"class_list":{"0":"post-2020","1":"product","2":"type-product","3":"status-publish","4":"has-post-thumbnail","6":"product_cat-leitores-de-cartoes-magneticos","8":"first","9":"outofstock","10":"shipping-taxable","11":"product-type-simple"},"_links":{"self":[{"href":"https:\/\/biomag.com.br\/loja\/wp-json\/wp\/v2\/product\/2020","targetHints":{"allow":["GET"]}}],"collection":[{"href":"https:\/\/biomag.com.br\/loja\/wp-json\/wp\/v2\/product"}],"about":[{"href":"https:\/\/biomag.com.br\/loja\/wp-json\/wp\/v2\/types\/product"}],"replies":[{"embeddable":true,"href":"https:\/\/biomag.com.br\/loja\/wp-json\/wp\/v2\/comments?post=2020"}],"wp:featuredmedia":[{"embeddable":true,"href":"https:\/\/biomag.com.br\/loja\/wp-json\/wp\/v2\/media\/3533"}],"wp:attachment":[{"href":"https:\/\/biomag.com.br\/loja\/wp-json\/wp\/v2\/media?parent=2020"}],"wp:term":[{"taxonomy":"product_brand","embeddable":true,"href":"https:\/\/biomag.com.br\/loja\/wp-json\/wp\/v2\/product_brand?post=2020"},{"taxonomy":"product_cat","embeddable":true,"href":"https:\/\/biomag.com.br\/loja\/wp-json\/wp\/v2\/product_cat?post=2020"},{"taxonomy":"product_tag","embeddable":true,"href":"https:\/\/biomag.com.br\/loja\/wp-json\/wp\/v2\/product_tag?post=2020"}],"curies":[{"name":"wp","href":"https:\/\/api.w.org\/{rel}","templated":true}]}}